{"id":1517,"date":"2024-04-24T15:23:51","date_gmt":"2024-04-24T13:23:51","guid":{"rendered":"https:\/\/managilis.bzh\/?page_id=1517"},"modified":"2026-01-31T18:34:45","modified_gmt":"2026-01-31T17:34:45","slug":"nos-articles-2","status":"publish","type":"page","link":"https:\/\/managilis.bzh\/?page_id=1517","title":{"rendered":"Les articles"},"content":{"rendered":"\t\t<div data-elementor-type=\"wp-page\" data-elementor-id=\"1517\" class=\"elementor elementor-1517\" data-elementor-settings=\"{&quot;ha_cmc_init_switcher&quot;:&quot;no&quot;}\">\n\t\t\t\t\t\t<section class=\"elementor-section elementor-top-section elementor-element elementor-element-76ea20ea elementor-section-height-min-height elementor-section-boxed elementor-section-height-default elementor-section-items-middle wpr-particle-no wpr-jarallax-no wpr-parallax-no wpr-sticky-section-no wpr-equal-height-no\" data-id=\"76ea20ea\" data-element_type=\"section\" data-e-type=\"section\" data-settings=\"{&quot;background_background&quot;:&quot;classic&quot;,&quot;_ha_eqh_enable&quot;:false}\">\n\t\t\t\t\t\t<div class=\"elementor-container elementor-column-gap-extended\">\n\t\t\t\t\t<div class=\"elementor-column elementor-col-100 elementor-top-column elementor-element elementor-element-54d7508b\" data-id=\"54d7508b\" data-element_type=\"column\" data-e-type=\"column\">\n\t\t\t<div class=\"elementor-widget-wrap elementor-element-populated\">\n\t\t\t\t\t\t<div class=\"elementor-element elementor-element-24f46e64 elementor-invisible elementor-widget elementor-widget-heading\" data-id=\"24f46e64\" data-element_type=\"widget\" data-e-type=\"widget\" data-settings=\"{&quot;_animation&quot;:&quot;fadeIn&quot;}\" data-widget_type=\"heading.default\">\n\t\t\t\t<div class=\"elementor-widget-container\">\n\t\t\t\t\t<h1 class=\"elementor-heading-title elementor-size-default\">Les articles<\/h1>\t\t\t\t<\/div>\n\t\t\t\t<\/div>\n\t\t\t\t\t<\/div>\n\t\t<\/div>\n\t\t\t\t\t<\/div>\n\t\t<\/section>\n\t\t<div class=\"elementor-element elementor-element-e0c74f4 e-flex e-con-boxed wpr-particle-no wpr-jarallax-no wpr-parallax-no wpr-sticky-section-no wpr-equal-height-no e-con e-parent\" data-id=\"e0c74f4\" data-element_type=\"container\" data-e-type=\"container\" data-settings=\"{&quot;_ha_eqh_enable&quot;:false}\">\n\t\t\t\t\t<div class=\"e-con-inner\">\n\t\t\t\t<div class=\"elementor-element elementor-element-eda84e6 elementor-widget elementor-widget-spacer\" data-id=\"eda84e6\" data-element_type=\"widget\" data-e-type=\"widget\" data-widget_type=\"spacer.default\">\n\t\t\t\t<div class=\"elementor-widget-container\">\n\t\t\t\t\t\t\t<div class=\"elementor-spacer\">\n\t\t\t<div class=\"elementor-spacer-inner\"><\/div>\n\t\t<\/div>\n\t\t\t\t\t\t<\/div>\n\t\t\t\t<\/div>\n\t\t\t\t<div class=\"elementor-element elementor-element-3702b98 elementor-invisible elementor-widget elementor-widget-heading\" data-id=\"3702b98\" data-element_type=\"widget\" data-e-type=\"widget\" data-settings=\"{&quot;_animation&quot;:&quot;fadeIn&quot;}\" data-widget_type=\"heading.default\">\n\t\t\t\t<div class=\"elementor-widget-container\">\n\t\t\t\t\t<h2 class=\"elementor-heading-title elementor-size-default\">Retrouvez mes derniers articles :<\/h2>\t\t\t\t<\/div>\n\t\t\t\t<\/div>\n\t\t\t\t<div class=\"elementor-element elementor-element-99a4297 elementor-widget elementor-widget-spacer\" data-id=\"99a4297\" data-element_type=\"widget\" data-e-type=\"widget\" data-widget_type=\"spacer.default\">\n\t\t\t\t<div class=\"elementor-widget-container\">\n\t\t\t\t\t\t\t<div class=\"elementor-spacer\">\n\t\t\t<div class=\"elementor-spacer-inner\"><\/div>\n\t\t<\/div>\n\t\t\t\t\t\t<\/div>\n\t\t\t\t<\/div>\n\t\t\t\t<div class=\"elementor-element elementor-element-5e283d6 stratum-navigation-arrow-position-inside stratum-list-image-left elementor-invisible elementor-widget elementor-widget-stratum-advanced-posts\" data-id=\"5e283d6\" data-element_type=\"widget\" data-e-type=\"widget\" data-settings=\"{&quot;_animation&quot;:&quot;fadeIn&quot;}\" data-widget_type=\"stratum-advanced-posts.default\">\n\t\t\t\t<div class=\"elementor-widget-container\">\n\t\t\t\t\t\t<div class=\"stratum-advanced-posts layout-list masonry-disable\"\n\t\t\t>\n\t\t<div class=\"stratum-advanced-posts__wrapper\" data-masonry-options=\"{&quot;columns&quot;:&quot;2&quot;,&quot;column_gap&quot;:20,&quot;row_gap&quot;:20}\">\n\t\t\t<article id='post-2147' class='stratum-advanced-posts__post'><div class='stratum-advanced-posts__post-wrapper'><div class='stratum-advanced-posts__post-thumbnail'><a href='https:\/\/managilis.bzh\/?p=2147' class='stratum-advanced-posts__post-link'><img fetchpriority=\"high\" decoding=\"async\" width=\"1024\" height=\"576\" src=\"https:\/\/managilis.bzh\/wp-content\/uploads\/2024\/05\/portrait-3052641_1280-edited.jpg\" class=\"stratum-advanced-posts__post-thumbnail-image wp-post-image\" alt=\"Gen\u00e8se d&#8217;un sens\" srcset=\"https:\/\/managilis.bzh\/wp-content\/uploads\/2024\/05\/portrait-3052641_1280-edited.jpg 1024w, https:\/\/managilis.bzh\/wp-content\/uploads\/2024\/05\/portrait-3052641_1280-edited-300x169.jpg 300w, https:\/\/managilis.bzh\/wp-content\/uploads\/2024\/05\/portrait-3052641_1280-edited-768x432.jpg 768w, https:\/\/managilis.bzh\/wp-content\/uploads\/2024\/05\/portrait-3052641_1280-edited-24x14.jpg 24w, https:\/\/managilis.bzh\/wp-content\/uploads\/2024\/05\/portrait-3052641_1280-edited-36x20.jpg 36w, https:\/\/managilis.bzh\/wp-content\/uploads\/2024\/05\/portrait-3052641_1280-edited-48x27.jpg 48w\" sizes=\"(max-width: 1024px) 100vw, 1024px\" \/><div class='stratum-advanced-posts__post-thumbnail-overlay'><\/div><\/a><\/div><div class='stratum-advanced-posts__content-wrapper'><div class='stratum-advanced-posts__entry-header'><h3 class=\"stratum-advanced-posts__post-title\"><a href=\"https:\/\/managilis.bzh\/?p=2147\">Gen\u00e8se d&#8217;un sens<\/a><\/h3><div class='stratum-advanced-posts__entry-meta'><span class='stratum-advanced-posts__post-date'><time datetime='2024-05-11T10:31:44+02:00'><a href='https:\/\/managilis.bzh\/?m=20240511'>11 mai 2024<\/a><\/time><\/span><\/div><\/div><div class='stratum-advanced-posts__post-content'>&#8220;Seuls les psychologues inventent des mots pour des choses qui n&#8217;existent pas&#8221;. Carl Gustav Jung Au commencement de ma carri\u00e8re professionnelle, l&#8217;audition du mot \u00ab&nbsp;Management&nbsp;\u00bb a g\u00e9n\u00e9r\u00e9 en moi une \u00e9tincelle pleine de promesse : celle d&#8217;un Art. Cette promesse : La ma\u00eetrise de ces 3 facteurs permet de transmuter<a href=\"https:\/\/managilis.bzh\/?p=2147\" rel=\"bookmark\">Lire la suite &raquo;<span class=\"screen-reader-text\">Gen\u00e8se d&#8217;un sens<\/span><\/a><\/div><div class='stratum-advanced-posts__entry-footer'><div class='stratum-advanced-posts__read-more'><a href='https:\/\/managilis.bzh\/?p=2147'>Lire la suite<\/a><\/div><\/div><\/div><\/div><\/article>\t\t<\/div>\n\n\t\t\t<\/div>\n\t\t\t\t<\/div>\n\t\t\t\t<\/div>\n\t\t\t\t<div class=\"elementor-element elementor-element-affdd8e elementor-widget elementor-widget-spacer\" data-id=\"affdd8e\" data-element_type=\"widget\" data-e-type=\"widget\" data-widget_type=\"spacer.default\">\n\t\t\t\t<div class=\"elementor-widget-container\">\n\t\t\t\t\t\t\t<div class=\"elementor-spacer\">\n\t\t\t<div class=\"elementor-spacer-inner\"><\/div>\n\t\t<\/div>\n\t\t\t\t\t\t<\/div>\n\t\t\t\t<\/div>\n\t\t\t\t\t<\/div>\n\t\t\t\t<\/div>\n\t\t\t\t<\/div>\n\t\t","protected":false},"excerpt":{"rendered":"<p>Les articles Retrouvez mes derniers articles :<\/p>\n","protected":false},"author":1,"featured_media":0,"parent":0,"menu_order":0,"comment_status":"closed","ping_status":"closed","template":"page-templates\/template-pagebuilder-full-width.php","meta":{"_monsterinsights_skip_tracking":false,"_monsterinsights_sitenote_active":false,"_monsterinsights_sitenote_note":"","_monsterinsights_sitenote_category":0,"neve_meta_sidebar":"","neve_meta_container":"","neve_meta_enable_content_width":"","neve_meta_content_width":0,"neve_meta_title_alignment":"","neve_meta_author_avatar":"","neve_post_elements_order":"","neve_meta_disable_header":"","neve_meta_disable_footer":"","neve_meta_disable_title":"","footnotes":""},"class_list":["post-1517","page","type-page","status-publish","hentry"],"_links":{"self":[{"href":"https:\/\/managilis.bzh\/index.php?rest_route=\/wp\/v2\/pages\/1517","targetHints":{"allow":["GET"]}}],"collection":[{"href":"https:\/\/managilis.bzh\/index.php?rest_route=\/wp\/v2\/pages"}],"about":[{"href":"https:\/\/managilis.bzh\/index.php?rest_route=\/wp\/v2\/types\/page"}],"author":[{"embeddable":true,"href":"https:\/\/managilis.bzh\/index.php?rest_route=\/wp\/v2\/users\/1"}],"replies":[{"embeddable":true,"href":"https:\/\/managilis.bzh\/index.php?rest_route=%2Fwp%2Fv2%2Fcomments&post=1517"}],"version-history":[{"count":38,"href":"https:\/\/managilis.bzh\/index.php?rest_route=\/wp\/v2\/pages\/1517\/revisions"}],"predecessor-version":[{"id":2480,"href":"https:\/\/managilis.bzh\/index.php?rest_route=\/wp\/v2\/pages\/1517\/revisions\/2480"}],"wp:attachment":[{"href":"https:\/\/managilis.bzh\/index.php?rest_route=%2Fwp%2Fv2%2Fmedia&parent=1517"}],"curies":[{"name":"wp","href":"https:\/\/api.w.org\/{rel}","templated":true}]}}