{"id":387,"date":"2024-03-27T14:04:39","date_gmt":"2024-03-27T13:04:39","guid":{"rendered":"https:\/\/managilis.bzh\/?page_id=387"},"modified":"2026-02-05T13:17:23","modified_gmt":"2026-02-05T12:17:23","slug":"notre-cabinet","status":"publish","type":"page","link":"https:\/\/managilis.bzh\/?page_id=387","title":{"rendered":"Le Cabinet"},"content":{"rendered":"\t\t<div data-elementor-type=\"wp-page\" data-elementor-id=\"387\" class=\"elementor elementor-387\" data-elementor-settings=\"{&quot;ha_cmc_init_switcher&quot;:&quot;no&quot;}\">\n\t\t\t\t\t\t<section class=\"elementor-section elementor-top-section elementor-element elementor-element-683ba09c elementor-section-height-min-height elementor-section-boxed elementor-section-height-default elementor-section-items-middle wpr-particle-no wpr-jarallax-no wpr-parallax-no wpr-sticky-section-no wpr-equal-height-no\" data-id=\"683ba09c\" data-element_type=\"section\" data-e-type=\"section\" data-settings=\"{&quot;background_background&quot;:&quot;classic&quot;,&quot;_ha_eqh_enable&quot;:false}\">\n\t\t\t\t\t\t<div class=\"elementor-container elementor-column-gap-extended\">\n\t\t\t\t\t<div class=\"elementor-column elementor-col-100 elementor-top-column elementor-element elementor-element-11bfaec9\" data-id=\"11bfaec9\" data-element_type=\"column\" data-e-type=\"column\">\n\t\t\t<div class=\"elementor-widget-wrap elementor-element-populated\">\n\t\t\t\t\t\t<div class=\"elementor-element elementor-element-5b469934 elementor-widget elementor-widget-heading\" data-id=\"5b469934\" data-element_type=\"widget\" data-e-type=\"widget\" data-widget_type=\"heading.default\">\n\t\t\t\t<div class=\"elementor-widget-container\">\n\t\t\t\t\t<h1 class=\"elementor-heading-title elementor-size-default\">Le cabinet<\/h1>\t\t\t\t<\/div>\n\t\t\t\t<\/div>\n\t\t\t\t\t<\/div>\n\t\t<\/div>\n\t\t\t\t\t<\/div>\n\t\t<\/section>\n\t\t\t\t<section class=\"elementor-section elementor-top-section elementor-element elementor-element-608cadb elementor-section-content-middle elementor-section-boxed elementor-section-height-default elementor-section-height-default wpr-parallax-no wpr-sticky-section-no wpr-equal-height-no\" data-id=\"608cadb\" data-element_type=\"section\" data-e-type=\"section\" data-settings=\"{&quot;background_background&quot;:&quot;classic&quot;,&quot;_ha_eqh_enable&quot;:false}\">\n\t\t\t\t\t\t<div class=\"elementor-container elementor-column-gap-extended\">\n\t\t\t\t\t<div class=\"elementor-column elementor-col-50 elementor-top-column elementor-element elementor-element-aaedd56 elementor-invisible\" data-id=\"aaedd56\" data-element_type=\"column\" data-e-type=\"column\" data-settings=\"{&quot;animation&quot;:&quot;fadeInRight&quot;}\">\n\t\t\t<div class=\"elementor-widget-wrap elementor-element-populated\">\n\t\t\t\t\t\t<div class=\"elementor-element elementor-element-85eac8c elementor-widget elementor-widget-heading\" data-id=\"85eac8c\" data-element_type=\"widget\" data-e-type=\"widget\" data-widget_type=\"heading.default\">\n\t\t\t\t<div class=\"elementor-widget-container\">\n\t\t\t\t\t<h2 class=\"elementor-heading-title elementor-size-default\">Qui suis-je ?<\/h2>\t\t\t\t<\/div>\n\t\t\t\t<\/div>\n\t\t\t\t<div class=\"elementor-element elementor-element-f5a2f06 elementor-widget elementor-widget-image\" data-id=\"f5a2f06\" data-element_type=\"widget\" data-e-type=\"widget\" data-widget_type=\"image.default\">\n\t\t\t\t<div class=\"elementor-widget-container\">\n\t\t\t\t\t\t\t\t\t\t\t\t\t\t\t<img fetchpriority=\"high\" decoding=\"async\" width=\"1024\" height=\"768\" src=\"https:\/\/managilis.bzh\/wp-content\/uploads\/2026\/01\/5286fe3a-ee60-4279-9362-b7d96cfeb57c-1024x768.jpg\" class=\"attachment-large size-large wp-image-2455\" alt=\"\" srcset=\"https:\/\/managilis.bzh\/wp-content\/uploads\/2026\/01\/5286fe3a-ee60-4279-9362-b7d96cfeb57c-1024x768.jpg 1024w, https:\/\/managilis.bzh\/wp-content\/uploads\/2026\/01\/5286fe3a-ee60-4279-9362-b7d96cfeb57c-300x225.jpg 300w, https:\/\/managilis.bzh\/wp-content\/uploads\/2026\/01\/5286fe3a-ee60-4279-9362-b7d96cfeb57c-768x576.jpg 768w, https:\/\/managilis.bzh\/wp-content\/uploads\/2026\/01\/5286fe3a-ee60-4279-9362-b7d96cfeb57c-1536x1152.jpg 1536w, https:\/\/managilis.bzh\/wp-content\/uploads\/2026\/01\/5286fe3a-ee60-4279-9362-b7d96cfeb57c-2048x1536.jpg 2048w, https:\/\/managilis.bzh\/wp-content\/uploads\/2026\/01\/5286fe3a-ee60-4279-9362-b7d96cfeb57c-24x18.jpg 24w, https:\/\/managilis.bzh\/wp-content\/uploads\/2026\/01\/5286fe3a-ee60-4279-9362-b7d96cfeb57c-36x27.jpg 36w, https:\/\/managilis.bzh\/wp-content\/uploads\/2026\/01\/5286fe3a-ee60-4279-9362-b7d96cfeb57c-48x36.jpg 48w\" sizes=\"(max-width: 1024px) 100vw, 1024px\" \/>\t\t\t\t\t\t\t\t\t\t\t\t\t\t\t<\/div>\n\t\t\t\t<\/div>\n\t\t\t\t<div class=\"elementor-element elementor-element-ef57d6f elementor-widget elementor-widget-text-editor\" data-id=\"ef57d6f\" data-element_type=\"widget\" data-e-type=\"widget\" data-widget_type=\"text-editor.default\">\n\t\t\t\t<div class=\"elementor-widget-container\">\n\t\t\t\t\t\t\t\t\t<p><strong>Laurent GOURRET &#8211; Managilis \u00e0 Quimper<\/strong><\/p><p>Breton d&#8217;origine, j&#8217;ai dirig\u00e9 pendant plus de 15 ans des sites industriels dans les secteurs des mat\u00e9riaux, plasturgie et m\u00e9tallurgie &#8211; au sein de groupes, PME et TPE.<\/p><p>Aujourd&#8217;hui, je mets cette exp\u00e9rience terrain au service des dirigeants de PME : audits en immersion, lev\u00e9e de blocages humains et op\u00e9rationnels, conduite du changement, coaching professionnel (certifi\u00e9 ICI), gestion de crises, d\u00e9ploiement de strat\u00e9gie et outils de pilotage agile.<\/p><p>Passionn\u00e9 de management exigeant, d&#8217;optimisation et de psychologie des \u00e9quipes, je suis aussi un marcheur de montagne r\u00e9gulier. Fid\u00e8le aux ascensions, j&#8217;applique la m\u00eame logique en entreprise sur les terrains raides, identifier les passages s\u00fbrs, garder la vue d&#8217;ensemble depuis le sommet &#8211; pour emmener les \u00e9quipes vers une performance durable et sereine.<\/p>\t\t\t\t\t\t\t\t<\/div>\n\t\t\t\t<\/div>\n\t\t\t\t\t<\/div>\n\t\t<\/div>\n\t\t\t\t<div class=\"elementor-column elementor-col-50 elementor-top-column elementor-element elementor-element-bd9d8c6 elementor-invisible\" data-id=\"bd9d8c6\" data-element_type=\"column\" data-e-type=\"column\" data-settings=\"{&quot;animation&quot;:&quot;fadeInLeft&quot;}\">\n\t\t\t<div class=\"elementor-widget-wrap elementor-element-populated\">\n\t\t\t\t\t\t<div class=\"elementor-element elementor-element-9921761 elementor-widget elementor-widget-heading\" data-id=\"9921761\" data-element_type=\"widget\" data-e-type=\"widget\" data-widget_type=\"heading.default\">\n\t\t\t\t<div class=\"elementor-widget-container\">\n\t\t\t\t\t<h2 class=\"elementor-heading-title elementor-size-default\">Mes valeurs ?<\/h2>\t\t\t\t<\/div>\n\t\t\t\t<\/div>\n\t\t\t\t<div class=\"elementor-element elementor-element-d41f240 elementor-widget elementor-widget-text-editor\" data-id=\"d41f240\" data-element_type=\"widget\" data-e-type=\"widget\" data-widget_type=\"text-editor.default\">\n\t\t\t\t<div class=\"elementor-widget-container\">\n\t\t\t\t\t\t\t\t\t<div class=\"wp-block-columns\"><div class=\"wp-block-column\"><p>Mes\u00a0<strong>valeurs<\/strong>\u00a0P.H.A.R.E. guident chaque mission :<\/p><ul><li>Pers\u00e9v\u00e9rance : aller au bout des engagements, viser l&#8217;excellence<\/li><li>Humanit\u00e9 : placer l&#8217;humain au centre, m\u00eame dans un monde technique<\/li><li>Agilit\u00e9 : s&#8217;adapter vite et bien, favoriser l&#8217;adh\u00e9sion<\/li><li>R\u00e9silience : transmettre pour que les progr\u00e8s durent<\/li><li>Ecoute : comprendre vraiment pour co-construire les solutions<\/li><\/ul><p>Pr\u00eate \u00e0 entamer l&#8217;ascension de votre performance ?\u00a0<\/p><p>Contactez-moi pour un premier \u00e9change sans engagement : 06 98 65 19 97 | Formulaire de contact | Linkedin<\/p><\/div><\/div>\t\t\t\t\t\t\t\t<\/div>\n\t\t\t\t<\/div>\n\t\t\t\t\t<\/div>\n\t\t<\/div>\n\t\t\t\t\t<\/div>\n\t\t<\/section>\n\t\t<div class=\"elementor-element elementor-element-754e3a0 e-flex e-con-boxed wpr-particle-no wpr-jarallax-no wpr-parallax-no wpr-sticky-section-no wpr-equal-height-no e-con e-parent\" data-id=\"754e3a0\" data-element_type=\"container\" data-e-type=\"container\" data-settings=\"{&quot;_ha_eqh_enable&quot;:false}\">\n\t\t\t\t\t<div class=\"e-con-inner\">\n\t\t\t\t<div class=\"elementor-element elementor-element-1245b94 elementor-widget elementor-widget-image\" data-id=\"1245b94\" data-element_type=\"widget\" data-e-type=\"widget\" data-widget_type=\"image.default\">\n\t\t\t\t<div class=\"elementor-widget-container\">\n\t\t\t\t\t\t\t\t\t\t\t\t\t\t\t\t<a href=\"https:\/\/ici.coach\/\">\n\t\t\t\t\t\t\t<img decoding=\"async\" width=\"300\" height=\"93\" src=\"https:\/\/managilis.bzh\/wp-content\/uploads\/2025\/06\/Logo-Certification-ICI-300x93.jpg\" class=\"attachment-medium size-medium wp-image-2291\" alt=\"\" srcset=\"https:\/\/managilis.bzh\/wp-content\/uploads\/2025\/06\/Logo-Certification-ICI-300x93.jpg 300w, https:\/\/managilis.bzh\/wp-content\/uploads\/2025\/06\/Logo-Certification-ICI-1024x318.jpg 1024w, https:\/\/managilis.bzh\/wp-content\/uploads\/2025\/06\/Logo-Certification-ICI-768x238.jpg 768w, https:\/\/managilis.bzh\/wp-content\/uploads\/2025\/06\/Logo-Certification-ICI-24x7.jpg 24w, https:\/\/managilis.bzh\/wp-content\/uploads\/2025\/06\/Logo-Certification-ICI-36x11.jpg 36w, https:\/\/managilis.bzh\/wp-content\/uploads\/2025\/06\/Logo-Certification-ICI-48x15.jpg 48w, https:\/\/managilis.bzh\/wp-content\/uploads\/2025\/06\/Logo-Certification-ICI.jpg 1256w\" sizes=\"(max-width: 300px) 100vw, 300px\" \/>\t\t\t\t\t\t\t\t<\/a>\n\t\t\t\t\t\t\t\t\t\t\t\t\t\t\t<\/div>\n\t\t\t\t<\/div>\n\t\t\t\t\t<\/div>\n\t\t\t\t<\/div>\n\t\t<div class=\"elementor-element elementor-element-89e4c1b e-flex e-con-boxed wpr-particle-no wpr-jarallax-no wpr-parallax-no wpr-sticky-section-no wpr-equal-height-no e-con e-parent\" data-id=\"89e4c1b\" data-element_type=\"container\" data-e-type=\"container\" data-settings=\"{&quot;_ha_eqh_enable&quot;:false}\">\n\t\t\t\t\t<div class=\"e-con-inner\">\n\t\t\t\t<div class=\"elementor-element elementor-element-005df81 elementor-align-center elementor-mobile-align-justify elementor-widget elementor-widget-button\" data-id=\"005df81\" data-element_type=\"widget\" data-e-type=\"widget\" data-widget_type=\"button.default\">\n\t\t\t\t<div class=\"elementor-widget-container\">\n\t\t\t\t\t\t\t\t\t<div class=\"elementor-button-wrapper\">\n\t\t\t\t\t<a class=\"elementor-button elementor-button-link elementor-size-lg\" href=\"https:\/\/managilis.bzh\/?page_id=391\">\n\t\t\t\t\t\t<span class=\"elementor-button-content-wrapper\">\n\t\t\t\t\t\t\t\t\t<span class=\"elementor-button-text\">Contactez-nous !<\/span>\n\t\t\t\t\t<\/span>\n\t\t\t\t\t<\/a>\n\t\t\t\t<\/div>\n\t\t\t\t\t\t\t\t<\/div>\n\t\t\t\t<\/div>\n\t\t\t\t\t<\/div>\n\t\t\t\t<\/div>\n\t\t<div class=\"elementor-element elementor-element-f02c4dd e-flex e-con-boxed wpr-particle-no wpr-jarallax-no wpr-parallax-no wpr-sticky-section-no wpr-equal-height-no e-con e-parent\" data-id=\"f02c4dd\" data-element_type=\"container\" data-e-type=\"container\" data-settings=\"{&quot;_ha_eqh_enable&quot;:false}\">\n\t\t\t\t\t<div class=\"e-con-inner\">\n\t\t\t\t<div class=\"elementor-element elementor-element-61ed8ea elementor-widget elementor-widget-spacer\" data-id=\"61ed8ea\" data-element_type=\"widget\" data-e-type=\"widget\" data-widget_type=\"spacer.default\">\n\t\t\t\t<div class=\"elementor-widget-container\">\n\t\t\t\t\t\t\t<div class=\"elementor-spacer\">\n\t\t\t<div class=\"elementor-spacer-inner\"><\/div>\n\t\t<\/div>\n\t\t\t\t\t\t<\/div>\n\t\t\t\t<\/div>\n\t\t\t\t\t<\/div>\n\t\t\t\t<\/div>\n\t\t\t\t<\/div>\n\t\t","protected":false},"excerpt":{"rendered":"<p>Le cabinet Qui suis-je ? Laurent GOURRET &#8211; Managilis \u00e0 Quimper Breton d&#8217;origine, j&#8217;ai dirig\u00e9 pendant plus de 15 ans des sites industriels dans les secteurs des mat\u00e9riaux, plasturgie et m\u00e9tallurgie &#8211; au sein de groupes, PME et TPE. Aujourd&#8217;hui, je mets cette exp\u00e9rience terrain au service des dirigeants de PME : audits en immersion, lev\u00e9e de blocages humains et op\u00e9rationnels, conduite du changement, coaching professionnel (certifi\u00e9 ICI), gestion de crises, d\u00e9ploiement de strat\u00e9gie et outils de pilotage agile. Passionn\u00e9 de management exigeant, d&#8217;optimisation et de psychologie des \u00e9quipes, je suis aussi un marcheur de montagne r\u00e9gulier. Fid\u00e8le aux ascensions, j&#8217;applique la m\u00eame logique en entreprise sur les terrains raides, identifier les passages s\u00fbrs, garder la vue d&#8217;ensemble depuis le sommet &#8211; pour emmener les \u00e9quipes vers une performance durable et sereine. Mes valeurs ? Mes\u00a0valeurs\u00a0P.H.A.R.E. guident chaque mission : Pers\u00e9v\u00e9rance : aller au bout des engagements, viser l&#8217;excellence Humanit\u00e9 : placer l&#8217;humain au centre, m\u00eame dans un monde technique Agilit\u00e9 : s&#8217;adapter vite et bien, favoriser l&#8217;adh\u00e9sion R\u00e9silience : transmettre pour que les progr\u00e8s durent Ecoute : comprendre vraiment pour co-construire les solutions Pr\u00eate \u00e0 entamer l&#8217;ascension de votre performance ?\u00a0 Contactez-moi pour un premier \u00e9change sans engagement : 06 98 65 19 97 | Formulaire de contact | Linkedin Contactez-nous !<\/p>\n","protected":false},"author":1,"featured_media":0,"parent":0,"menu_order":0,"comment_status":"closed","ping_status":"closed","template":"","meta":{"_monsterinsights_skip_tracking":false,"_monsterinsights_sitenote_active":false,"_monsterinsights_sitenote_note":"","_monsterinsights_sitenote_category":0,"neve_meta_sidebar":"full-width","neve_meta_container":"","neve_meta_enable_content_width":"on","neve_meta_content_width":100,"neve_meta_title_alignment":"","neve_meta_author_avatar":"","neve_post_elements_order":"","neve_meta_disable_header":"","neve_meta_disable_footer":"","neve_meta_disable_title":"on","footnotes":""},"class_list":["post-387","page","type-page","status-publish","hentry"],"_links":{"self":[{"href":"https:\/\/managilis.bzh\/index.php?rest_route=\/wp\/v2\/pages\/387","targetHints":{"allow":["GET"]}}],"collection":[{"href":"https:\/\/managilis.bzh\/index.php?rest_route=\/wp\/v2\/pages"}],"about":[{"href":"https:\/\/managilis.bzh\/index.php?rest_route=\/wp\/v2\/types\/page"}],"author":[{"embeddable":true,"href":"https:\/\/managilis.bzh\/index.php?rest_route=\/wp\/v2\/users\/1"}],"replies":[{"embeddable":true,"href":"https:\/\/managilis.bzh\/index.php?rest_route=%2Fwp%2Fv2%2Fcomments&post=387"}],"version-history":[{"count":269,"href":"https:\/\/managilis.bzh\/index.php?rest_route=\/wp\/v2\/pages\/387\/revisions"}],"predecessor-version":[{"id":2593,"href":"https:\/\/managilis.bzh\/index.php?rest_route=\/wp\/v2\/pages\/387\/revisions\/2593"}],"wp:attachment":[{"href":"https:\/\/managilis.bzh\/index.php?rest_route=%2Fwp%2Fv2%2Fmedia&parent=387"}],"curies":[{"name":"wp","href":"https:\/\/api.w.org\/{rel}","templated":true}]}}