{"id":690,"date":"2024-04-05T11:12:26","date_gmt":"2024-04-05T09:12:26","guid":{"rendered":"https:\/\/managilis.bzh\/?page_id=690"},"modified":"2024-04-24T17:00:42","modified_gmt":"2024-04-24T15:00:42","slug":"mentions-legales","status":"publish","type":"page","link":"https:\/\/managilis.bzh\/?page_id=690","title":{"rendered":"Mentions L\u00e9gales"},"content":{"rendered":"\t\t<div data-elementor-type=\"wp-page\" data-elementor-id=\"690\" class=\"elementor elementor-690\" data-elementor-settings=\"{&quot;ha_cmc_init_switcher&quot;:&quot;no&quot;}\">\n\t\t\t\t\t\t<section class=\"elementor-section elementor-top-section elementor-element elementor-element-615469c2 elementor-section-height-min-height elementor-section-boxed elementor-section-height-default elementor-section-items-middle wpr-particle-no wpr-jarallax-no wpr-parallax-no wpr-sticky-section-no wpr-equal-height-no\" data-id=\"615469c2\" data-element_type=\"section\" data-e-type=\"section\" data-settings=\"{&quot;background_background&quot;:&quot;classic&quot;,&quot;_ha_eqh_enable&quot;:false}\">\n\t\t\t\t\t\t<div class=\"elementor-container elementor-column-gap-extended\">\n\t\t\t\t\t<div class=\"elementor-column elementor-col-100 elementor-top-column elementor-element elementor-element-28d6f6c\" data-id=\"28d6f6c\" data-element_type=\"column\" data-e-type=\"column\">\n\t\t\t<div class=\"elementor-widget-wrap elementor-element-populated\">\n\t\t\t\t\t\t<div class=\"elementor-element elementor-element-7d953606 elementor-widget elementor-widget-heading\" data-id=\"7d953606\" data-element_type=\"widget\" data-e-type=\"widget\" data-widget_type=\"heading.default\">\n\t\t\t\t<div class=\"elementor-widget-container\">\n\t\t\t\t\t<h1 class=\"elementor-heading-title elementor-size-default\">Mentions l\u00e9gales<\/h1>\t\t\t\t<\/div>\n\t\t\t\t<\/div>\n\t\t\t\t\t<\/div>\n\t\t<\/div>\n\t\t\t\t\t<\/div>\n\t\t<\/section>\n\t\t<div class=\"elementor-element elementor-element-e225545 e-flex e-con-boxed wpr-particle-no wpr-jarallax-no wpr-parallax-no wpr-sticky-section-no wpr-equal-height-no e-con e-parent\" data-id=\"e225545\" data-element_type=\"container\" data-e-type=\"container\" data-settings=\"{&quot;_ha_eqh_enable&quot;:false}\">\n\t\t\t\t\t<div class=\"e-con-inner\">\n\t\t\t\t<div class=\"elementor-element elementor-element-05c1b5f elementor-widget elementor-widget-text-editor\" data-id=\"05c1b5f\" data-element_type=\"widget\" data-e-type=\"widget\" data-widget_type=\"text-editor.default\">\n\t\t\t\t<div class=\"elementor-widget-container\">\n\t\t\t\t\t\t\t\t\t<p><b>A propos du site<\/b><\/p><p>Vous \u00eates actuellement connect\u00e9 au site\u00a0<strong>www.managilis.bzh<\/strong>.<br \/>L\u2019ensemble d<span style=\"text-align: var(--text-align); background-color: var(--nv-site-bg); color: var(--nv-text-color); font-family: var(--bodyfontfamily),var(--nv-fallback-ff); font-size: var(--bodyfontsize); font-weight: var(--bodyfontweight); letter-spacing: var(--bodyletterspacing); text-transform: var(--bodytexttransform);\">es donn\u00e9es et les informations pr\u00e9sentes sur le site internet\u00a0<\/span><strong style=\"text-align: var(--text-align); background-color: var(--nv-site-bg); color: var(--nv-text-color); font-family: var(--bodyfontfamily),var(--nv-fallback-ff); font-size: var(--bodyfontsize); letter-spacing: var(--bodyletterspacing); text-transform: var(--bodytexttransform);\">www.managilis.bzh<\/strong><span style=\"text-align: var(--text-align); background-color: var(--nv-site-bg); color: var(--nv-text-color); font-family: var(--bodyfontfamily),var(--nv-fallback-ff); font-size: var(--bodyfontsize); font-weight: var(--bodyfontweight); letter-spacing: var(--bodyletterspacing); text-transform: var(--bodytexttransform);\"> sont mises \u00e0 disposition du public par MANAGILIS SAS.<\/span><\/p><p>En consultant le site internet\u00a0<strong>www.managilis.bzh<\/strong>, vous vous engagez \u00e0 accepter les termes et les conditions contenus dans cette notice.<\/p><p class=\"has-normal-font-size wp-block-heading\"><strong>Editeur<\/strong><\/p><p>MANAGILIS SAS\u00a0<\/p><p>SAS au capital de 2000\u20ac &#8211; RCS Quimper.<\/p><p>Si\u00e8ge social : 36 Boulevard Dupleix, 29000 Quimper \u2013 France<\/p><p>T\u00e9l : +33 (0) 6 98 65 19 97<\/p><p><a href=\"mailto:contact@managilis.bzh\">contact@managilis.bzh<\/a><\/p><p>SIRET : 924 770\u00a0530 00013<\/p><p>N\u00b0TVA intracommunautaire : FR52924770530<\/p><p>Directeur de la publication et de la r\u00e9daction\u00a0: Laurent GOURRET<\/p><p class=\"has-normal-font-size wp-block-heading\"><strong>H\u00e9bergement<\/strong><\/p><p>Entreprise: Hostinger France<br \/>T\u00e9l\u00e9phone: +357 22232364<br \/>Adresse: 61 Lordou Vironos , Larnaca, CY, 6023<br \/>Pays: Chypre<br \/>TVA: 10301365E<\/p><p class=\"has-normal-font-size wp-block-heading\"><strong>Conception<\/strong><\/p><p>Conceptly theme, propuls\u00e9 par WordPress<\/p><p class=\"has-normal-font-size wp-block-heading\"><strong>Cr\u00e9dit illustrations et images<\/strong><\/p><p>Pixabay, licence Creative Commons Zero (CC0)<\/p><p>Shutterstock, licence simple<\/p><p>FreePik, licence simple<\/p><p class=\"has-normal-font-size wp-block-heading\"><strong>D\u00e9claration relative aux \u00ab\u00a0cookies\u00a0\u00bb<\/strong><\/p><p>Un \u00ab\u00a0cookie\u00a0\u00bb est une information stock\u00e9e sur le disque dur d\u2019un internaute par le serveur du site visit\u00e9. Il contient plusieurs donn\u00e9es : le nom du serveur qui l\u2019a d\u00e9pos\u00e9, un identifiant sous forme de num\u00e9ro unique, \u00e9ventuellement une date d\u2019expiration. Ces informations sont parfois stock\u00e9es sur l\u2019ordinateur dans un simple fichier texte auquel un serveur acc\u00e8de pour lire et enregistrer des informations. Le stockage d\u2019informations sur l\u2019\u00e9quipement d\u2019un utilisateur, ou l\u2019acc\u00e8s \u00e0 des informations d\u00e9j\u00e0 stock\u00e9es, ne doivent \u00eatre mis en \u0153uvre qu\u2019avec le consentement pr\u00e9alable de l\u2019utilisateur, conform\u00e9ment \u00e0 la directive 2009\/136\/CE et \u00e0 l\u2019article 32-II de la loi \u00ab\u00a0Informatique et Libert\u00e9s\u00a0\u00bb du 6 janvier 1978. Nous utilisons les cookies de Google Analytics afin d\u2019obtenir des informations sur la fr\u00e9quentation du site et d\u2019optimiser le positionnement du site pour les moteurs de recherche. Nous utilisons l\u2019extension \u00ab\u00a0GDPR Cookie Consent\u00a0\u00bb de WordPress afin de recueillir votre consentement.<\/p><p class=\"has-normal-font-size wp-block-heading\"><strong>Donn\u00e9es personnelles<\/strong><\/p><p>Les informations recueillies \u00e0 partir du formulaire d\u2019inscription (onglet \u00ab\u00a0Contact \u00bb) sont susceptibles de comporter des donn\u00e9es personnelles. Le Cabinet Managilis est le responsable du traitement des donn\u00e9es personnelles, et est l\u2019unique destinataire des donn\u00e9es personnelles, avec comme seule finalit\u00e9 d\u2019\u00e9tablir une correspondance. Seules les donn\u00e9es strictement n\u00e9cessaires \u00e0 l\u2019\u00e9tablissement de la correspondance sont collect\u00e9es, et sont conserv\u00e9es pendant une dur\u00e9e limit\u00e9e \u00e0 la seule finalit\u00e9 du traitement. Conform\u00e9ment \u00e0 la loi \u00ab\u00a0Informatique et Libert\u00e9s\u00bb du 06 janvier 1978 modifi\u00e9e par la loi du 06 ao\u00fbt 2004, vous disposez d\u2019un droit d\u2019acc\u00e8s et de rectification aux informations qui vous concernent. Pour exercer ces droits, veuillez-vous adresser \u00e0 M. Laurent GOURRET, 36 Boulevard Dupleix, 29000 Quimper. Vous pouvez \u00e9galement, pour des motifs l\u00e9gitimes, vous opposer au traitement des donn\u00e9es vous concernant. Le Cabinet Managilis s\u2019engage \u00e0 assurer la confidentialit\u00e9 des donn\u00e9es personnelles collect\u00e9es, et \u00e0 ne pas en faire un usage commercial.<\/p><p class=\"has-normal-font-size wp-block-heading\"><strong>Responsabilit\u00e9<\/strong><\/p><p>L\u2019\u00e9diteur du site d\u00e9cline toute responsabilit\u00e9 :<br \/>\u2022 sur le contenu des sites, accessibles par l\u2019interm\u00e9diaire d\u2019hyperliens, dont il n\u2019exerce aucun contr\u00f4le.<br \/>\u2022 sur les dommages r\u00e9sultant d\u2019attaques \u00e9ventuelles de virus circulant sur le r\u00e9seau Internet lors de la navigation sur le site.<\/p>\t\t\t\t\t\t\t\t<\/div>\n\t\t\t\t<\/div>\n\t\t\t\t\t<\/div>\n\t\t\t\t<\/div>\n\t\t\t\t<\/div>\n\t\t","protected":false},"excerpt":{"rendered":"<p>Mentions l\u00e9gales A propos du site Vous \u00eates actuellement connect\u00e9 au site\u00a0www.managilis.bzh.L\u2019ensemble des donn\u00e9es et les informations pr\u00e9sentes sur le site internet\u00a0www.managilis.bzh sont mises \u00e0 disposition du public par MANAGILIS SAS. En consultant le site internet\u00a0www.managilis.bzh, vous vous engagez \u00e0 accepter les termes et les conditions contenus dans cette notice. Editeur MANAGILIS SAS\u00a0 SAS au capital de 2000\u20ac &#8211; RCS Quimper. Si\u00e8ge social : 36 Boulevard Dupleix, 29000 Quimper \u2013 France T\u00e9l : +33 (0) 6 98 65 19 97 contact@managilis.bzh SIRET : 924 770\u00a0530 00013 N\u00b0TVA intracommunautaire : FR52924770530 Directeur de la publication et de la r\u00e9daction\u00a0: Laurent GOURRET H\u00e9bergement Entreprise: Hostinger FranceT\u00e9l\u00e9phone: +357 22232364Adresse: 61 Lordou Vironos , Larnaca, CY, 6023Pays: ChypreTVA: 10301365E Conception Conceptly theme, propuls\u00e9 par WordPress Cr\u00e9dit illustrations et images Pixabay, licence Creative Commons Zero (CC0) Shutterstock, licence simple FreePik, licence simple D\u00e9claration relative aux \u00ab\u00a0cookies\u00a0\u00bb Un \u00ab\u00a0cookie\u00a0\u00bb est une information stock\u00e9e sur le disque dur d\u2019un internaute par le serveur du site visit\u00e9. Il contient plusieurs donn\u00e9es : le nom du serveur qui l\u2019a d\u00e9pos\u00e9, un identifiant sous forme de num\u00e9ro unique, \u00e9ventuellement une date d\u2019expiration. Ces informations sont parfois stock\u00e9es sur l\u2019ordinateur dans un simple fichier texte auquel un serveur acc\u00e8de pour lire et enregistrer des informations. Le stockage d\u2019informations sur l\u2019\u00e9quipement d\u2019un utilisateur, ou l\u2019acc\u00e8s \u00e0 des informations d\u00e9j\u00e0 stock\u00e9es, ne doivent \u00eatre mis en \u0153uvre qu\u2019avec le consentement pr\u00e9alable de l\u2019utilisateur, conform\u00e9ment \u00e0 la directive 2009\/136\/CE et \u00e0 l\u2019article 32-II de la loi \u00ab\u00a0Informatique et Libert\u00e9s\u00a0\u00bb du 6 janvier 1978. Nous utilisons les cookies de Google Analytics afin d\u2019obtenir des informations sur la fr\u00e9quentation du site et d\u2019optimiser le positionnement du site pour les moteurs de recherche. Nous utilisons l\u2019extension \u00ab\u00a0GDPR Cookie Consent\u00a0\u00bb de WordPress afin de recueillir votre consentement. Donn\u00e9es personnelles Les informations recueillies \u00e0 partir du formulaire d\u2019inscription (onglet \u00ab\u00a0Contact \u00bb) sont susceptibles de comporter des donn\u00e9es personnelles. Le Cabinet Managilis est le responsable du traitement des donn\u00e9es personnelles, et est l\u2019unique destinataire des donn\u00e9es personnelles, avec comme seule finalit\u00e9 d\u2019\u00e9tablir une correspondance. Seules les donn\u00e9es strictement n\u00e9cessaires \u00e0 l\u2019\u00e9tablissement de la correspondance sont collect\u00e9es, et sont conserv\u00e9es pendant une dur\u00e9e limit\u00e9e \u00e0 la seule finalit\u00e9 du traitement. Conform\u00e9ment \u00e0 la loi \u00ab\u00a0Informatique et Libert\u00e9s\u00bb du 06 janvier 1978 modifi\u00e9e par la loi du 06 ao\u00fbt 2004, vous disposez d\u2019un droit d\u2019acc\u00e8s et de rectification aux informations qui vous concernent. Pour exercer ces droits, veuillez-vous adresser \u00e0 M. Laurent GOURRET, 36 Boulevard Dupleix, 29000 Quimper. Vous pouvez \u00e9galement, pour des motifs l\u00e9gitimes, vous opposer au traitement des donn\u00e9es vous concernant. Le Cabinet Managilis s\u2019engage \u00e0 assurer la confidentialit\u00e9 des donn\u00e9es personnelles collect\u00e9es, et \u00e0 ne pas en faire un usage commercial. Responsabilit\u00e9 L\u2019\u00e9diteur du site d\u00e9cline toute responsabilit\u00e9 :\u2022 sur le contenu des sites, accessibles par l\u2019interm\u00e9diaire d\u2019hyperliens, dont il n\u2019exerce aucun contr\u00f4le.\u2022 sur les dommages r\u00e9sultant d\u2019attaques \u00e9ventuelles de virus circulant sur le r\u00e9seau Internet lors de la navigation sur le site.<\/p>\n","protected":false},"author":1,"featured_media":0,"parent":0,"menu_order":0,"comment_status":"closed","ping_status":"closed","template":"page-templates\/template-pagebuilder-full-width.php","meta":{"_monsterinsights_skip_tracking":false,"_monsterinsights_sitenote_active":false,"_monsterinsights_sitenote_note":"","_monsterinsights_sitenote_category":0,"neve_meta_sidebar":"","neve_meta_container":"","neve_meta_enable_content_width":"","neve_meta_content_width":0,"neve_meta_title_alignment":"","neve_meta_author_avatar":"","neve_post_elements_order":"","neve_meta_disable_header":"","neve_meta_disable_footer":"","neve_meta_disable_title":"","footnotes":""},"class_list":["post-690","page","type-page","status-publish","hentry"],"_links":{"self":[{"href":"https:\/\/managilis.bzh\/index.php?rest_route=\/wp\/v2\/pages\/690","targetHints":{"allow":["GET"]}}],"collection":[{"href":"https:\/\/managilis.bzh\/index.php?rest_route=\/wp\/v2\/pages"}],"about":[{"href":"https:\/\/managilis.bzh\/index.php?rest_route=\/wp\/v2\/types\/page"}],"author":[{"embeddable":true,"href":"https:\/\/managilis.bzh\/index.php?rest_route=\/wp\/v2\/users\/1"}],"replies":[{"embeddable":true,"href":"https:\/\/managilis.bzh\/index.php?rest_route=%2Fwp%2Fv2%2Fcomments&post=690"}],"version-history":[{"count":14,"href":"https:\/\/managilis.bzh\/index.php?rest_route=\/wp\/v2\/pages\/690\/revisions"}],"predecessor-version":[{"id":1539,"href":"https:\/\/managilis.bzh\/index.php?rest_route=\/wp\/v2\/pages\/690\/revisions\/1539"}],"wp:attachment":[{"href":"https:\/\/managilis.bzh\/index.php?rest_route=%2Fwp%2Fv2%2Fmedia&parent=690"}],"curies":[{"name":"wp","href":"https:\/\/api.w.org\/{rel}","templated":true}]}}