{"id":801,"date":"2024-04-06T17:48:33","date_gmt":"2024-04-06T15:48:33","guid":{"rendered":"https:\/\/managilis.bzh\/?page_id=801"},"modified":"2026-01-31T17:03:11","modified_gmt":"2026-01-31T16:03:11","slug":"nos-valeurs","status":"publish","type":"page","link":"https:\/\/managilis.bzh\/?page_id=801","title":{"rendered":"Les valeurs"},"content":{"rendered":"\t\t<div data-elementor-type=\"wp-page\" data-elementor-id=\"801\" class=\"elementor elementor-801\" data-elementor-settings=\"{&quot;ha_cmc_init_switcher&quot;:&quot;no&quot;}\">\n\t\t\t\t<div class=\"elementor-element elementor-element-05e6fa9 e-flex e-con-boxed wpr-particle-no wpr-jarallax-no wpr-parallax-no wpr-sticky-section-no wpr-equal-height-no e-con e-parent\" data-id=\"05e6fa9\" data-element_type=\"container\" data-e-type=\"container\" data-settings=\"{&quot;background_background&quot;:&quot;classic&quot;,&quot;_ha_eqh_enable&quot;:false}\">\n\t\t\t\t\t<div class=\"e-con-inner\">\n\t\t\t\t<div class=\"elementor-element elementor-element-d5371ad elementor-widget elementor-widget-heading\" data-id=\"d5371ad\" data-element_type=\"widget\" data-e-type=\"widget\" data-widget_type=\"heading.default\">\n\t\t\t\t<div class=\"elementor-widget-container\">\n\t\t\t\t\t<h1 class=\"elementor-heading-title elementor-size-default\">Les Valeurs<\/h1>\t\t\t\t<\/div>\n\t\t\t\t<\/div>\n\t\t\t\t\t<\/div>\n\t\t\t\t<\/div>\n\t\t<div class=\"elementor-element elementor-element-c7f7983 e-flex e-con-boxed wpr-particle-no wpr-jarallax-no wpr-parallax-no wpr-sticky-section-no wpr-equal-height-no e-con e-parent\" data-id=\"c7f7983\" data-element_type=\"container\" data-e-type=\"container\" data-settings=\"{&quot;_ha_eqh_enable&quot;:false}\">\n\t\t\t\t\t<div class=\"e-con-inner\">\n\t\t\t\t<div class=\"elementor-element elementor-element-8830d72 elementor-widget elementor-widget-spacer\" data-id=\"8830d72\" data-element_type=\"widget\" data-e-type=\"widget\" data-widget_type=\"spacer.default\">\n\t\t\t\t<div class=\"elementor-widget-container\">\n\t\t\t\t\t\t\t<div class=\"elementor-spacer\">\n\t\t\t<div class=\"elementor-spacer-inner\"><\/div>\n\t\t<\/div>\n\t\t\t\t\t\t<\/div>\n\t\t\t\t<\/div>\n\t\t<div class=\"elementor-element elementor-element-c5603db e-flex e-con-boxed wpr-particle-no wpr-jarallax-no wpr-parallax-no wpr-sticky-section-no wpr-equal-height-no e-con e-child\" data-id=\"c5603db\" data-element_type=\"container\" data-e-type=\"container\" data-settings=\"{&quot;_ha_eqh_enable&quot;:false}\">\n\t\t\t\t\t<div class=\"e-con-inner\">\n\t\t<div class=\"elementor-element elementor-element-09fd952 e-con-full e-flex wpr-particle-no wpr-jarallax-no wpr-parallax-no wpr-sticky-section-no wpr-equal-height-no e-con e-child\" data-id=\"09fd952\" data-element_type=\"container\" data-e-type=\"container\" data-settings=\"{&quot;_ha_eqh_enable&quot;:false}\">\n\t\t\t\t<div class=\"elementor-element elementor-element-316651f elementor-widget__width-inherit elementor-widget elementor-widget-ha-flip-box happy-addon ha-flip-box\" data-id=\"316651f\" data-element_type=\"widget\" data-e-type=\"widget\" data-widget_type=\"ha-flip-box.default\">\n\t\t\t\t<div class=\"elementor-widget-container\">\n\t\t\t\t\t\n        <div class=\"ha-flip-box-container ha-flip-effect-classic\">\n\n            <div class=\"ha-flip-box-inner ha-flip-right\">\n                <div class=\"ha-flip-box-inner-wrapper\">\n                    <div class=\"ha-flip-box-front\">\n                        <div class=\"ha-flip-box-front-inner\">\n                            <div class=\"icon-wrap\">\n                                                                    <span class=\"ha-flip-icon icon\">\n                                        <svg class=\"e-font-icon-svg e-fas-mountain\" viewBox=\"0 0 640 512\" xmlns=\"http:\/\/www.w3.org\/2000\/svg\"><path d=\"M634.92 462.7l-288-448C341.03 5.54 330.89 0 320 0s-21.03 5.54-26.92 14.7l-288 448a32.001 32.001 0 0 0-1.17 32.64A32.004 32.004 0 0 0 32 512h576c11.71 0 22.48-6.39 28.09-16.67a31.983 31.983 0 0 0-1.17-32.63zM320 91.18L405.39 224H320l-64 64-38.06-38.06L320 91.18z\"><\/path><\/svg>                                    <\/span>\n                                                                                            <\/div>\n\n                            <div class=\"ha-text\">\n                                                                    <h2 class=\"ha-flip-box-heading\">Pers\u00e9v\u00e9rance<\/h2>\n                                \n                                                            <\/div>\n                        <\/div>\n                    <\/div>\n\n                    <div class=\"ha-flip-box-back\">\n                        <div class=\"ha-flip-box-back-inner\">\n                            <div class=\"icon-wrap\">\n                                                                                            <\/div>\n\n                            <div class=\"ha-text\">\n                                                                    <h2 class=\"ha-flip-box-heading-back\">Pers\u00e9v\u00e9rance<\/h2>\n                                \n                                                                    <p class=\"ha-desc\">La culture de l'effort et de l'objectif procure plaisir et satisfaction. Se d\u00e9passer ensemble, pour viser l'excellente.<\/p>\n                                                            <\/div>\n\n                        <\/div>\n                    <\/div>\n                <\/div>\n            <\/div>\n        <\/div>\n    \t\t\t\t<\/div>\n\t\t\t\t<\/div>\n\t\t\t\t<\/div>\n\t\t<div class=\"elementor-element elementor-element-372a8a1 e-con-full e-flex wpr-particle-no wpr-jarallax-no wpr-parallax-no wpr-sticky-section-no wpr-equal-height-no e-con e-child\" data-id=\"372a8a1\" data-element_type=\"container\" data-e-type=\"container\">\n\t\t\t\t<div class=\"elementor-element elementor-element-f7c937e elementor-widget__width-inherit elementor-widget elementor-widget-ha-flip-box happy-addon ha-flip-box\" data-id=\"f7c937e\" data-element_type=\"widget\" data-e-type=\"widget\" data-widget_type=\"ha-flip-box.default\">\n\t\t\t\t<div class=\"elementor-widget-container\">\n\t\t\t\t\t\n        <div class=\"ha-flip-box-container ha-flip-effect-classic\">\n\n            <div class=\"ha-flip-box-inner ha-flip-right\">\n                <div class=\"ha-flip-box-inner-wrapper\">\n                    <div class=\"ha-flip-box-front\">\n                        <div class=\"ha-flip-box-front-inner\">\n                            <div class=\"icon-wrap\">\n                                                                    <span class=\"ha-flip-icon icon\">\n                                        <svg class=\"e-font-icon-svg e-fas-hand-holding-heart\" viewBox=\"0 0 576 512\" xmlns=\"http:\/\/www.w3.org\/2000\/svg\"><path d=\"M275.3 250.5c7 7.4 18.4 7.4 25.5 0l108.9-114.2c31.6-33.2 29.8-88.2-5.6-118.8-30.8-26.7-76.7-21.9-104.9 7.7L288 36.9l-11.1-11.6C248.7-4.4 202.8-9.2 172 17.5c-35.3 30.6-37.2 85.6-5.6 118.8l108.9 114.2zm290 77.6c-11.8-10.7-30.2-10-42.6 0L430.3 402c-11.3 9.1-25.4 14-40 14H272c-8.8 0-16-7.2-16-16s7.2-16 16-16h78.3c15.9 0 30.7-10.9 33.3-26.6 3.3-20-12.1-37.4-31.6-37.4H192c-27 0-53.1 9.3-74.1 26.3L71.4 384H16c-8.8 0-16 7.2-16 16v96c0 8.8 7.2 16 16 16h356.8c14.5 0 28.6-4.9 40-14L564 377c15.2-12.1 16.4-35.3 1.3-48.9z\"><\/path><\/svg>                                    <\/span>\n                                                                                            <\/div>\n\n                            <div class=\"ha-text\">\n                                                                    <h2 class=\"ha-flip-box-heading\">Humanit\u00e9<\/h2>\n                                \n                                                            <\/div>\n                        <\/div>\n                    <\/div>\n\n                    <div class=\"ha-flip-box-back\">\n                        <div class=\"ha-flip-box-back-inner\">\n                            <div class=\"icon-wrap\">\n                                                                                            <\/div>\n\n                            <div class=\"ha-text\">\n                                                                    <h2 class=\"ha-flip-box-heading-back\">Humanit\u00e9<\/h2>\n                                \n                                                                    <p class=\"ha-desc\">Mettre l'humain au centre dans un monde de plus en plus complexe. Ecouter pour comprendre et accompagner.<\/p>\n                                                            <\/div>\n\n                        <\/div>\n                    <\/div>\n                <\/div>\n            <\/div>\n        <\/div>\n    \t\t\t\t<\/div>\n\t\t\t\t<\/div>\n\t\t\t\t<\/div>\n\t\t<div class=\"elementor-element elementor-element-bc37eaf e-con-full e-flex wpr-particle-no wpr-jarallax-no wpr-parallax-no wpr-sticky-section-no wpr-equal-height-no e-con e-child\" data-id=\"bc37eaf\" data-element_type=\"container\" data-e-type=\"container\">\n\t\t\t\t<div class=\"elementor-element elementor-element-e9ba2f4 elementor-widget__width-inherit elementor-widget elementor-widget-ha-flip-box happy-addon ha-flip-box\" data-id=\"e9ba2f4\" data-element_type=\"widget\" data-e-type=\"widget\" data-widget_type=\"ha-flip-box.default\">\n\t\t\t\t<div class=\"elementor-widget-container\">\n\t\t\t\t\t\n        <div class=\"ha-flip-box-container ha-flip-effect-classic\">\n\n            <div class=\"ha-flip-box-inner ha-flip-right\">\n                <div class=\"ha-flip-box-inner-wrapper\">\n                    <div class=\"ha-flip-box-front\">\n                        <div class=\"ha-flip-box-front-inner\">\n                            <div class=\"icon-wrap\">\n                                                                    <span class=\"ha-flip-icon icon\">\n                                        <svg class=\"e-font-icon-svg e-fas-chess-board\" viewBox=\"0 0 512 512\" xmlns=\"http:\/\/www.w3.org\/2000\/svg\"><path d=\"M255.9.2h-64v64h64zM0 64.17v64h64v-64zM128 .2H64v64h64zm64 255.9v64h64v-64zM0 192.12v64h64v-64zM383.85.2h-64v64h64zm128 0h-64v64h64zM128 256.1H64v64h64zM511.8 448v-64h-64v64zm0-128v-64h-64v64zM383.85 512h64v-64h-64zm128-319.88v-64h-64v64zM128 512h64v-64h-64zM0 512h64v-64H0zm255.9 0h64v-64h-64zM0 320.07v64h64v-64zm319.88-191.92v-64h-64v64zm-64 128h64v-64h-64zm-64 128v64h64v-64zm128-64h64v-64h-64zm0-127.95h64v-64h-64zm0 191.93v64h64v-64zM64 384.05v64h64v-64zm128-255.9v-64h-64v64zm191.92 255.9h64v-64h-64zm-128-191.93v-64h-64v64zm128-127.95v64h64v-64zm-128 255.9v64h64v-64zm-64-127.95H128v64h64zm191.92 64h64v-64h-64zM128 128.15H64v64h64zm0 191.92v64h64v-64z\"><\/path><\/svg>                                    <\/span>\n                                                                                            <\/div>\n\n                            <div class=\"ha-text\">\n                                                                    <h2 class=\"ha-flip-box-heading\">Agilit\u00e9<\/h2>\n                                \n                                                            <\/div>\n                        <\/div>\n                    <\/div>\n\n                    <div class=\"ha-flip-box-back\">\n                        <div class=\"ha-flip-box-back-inner\">\n                            <div class=\"icon-wrap\">\n                                                                                            <\/div>\n\n                            <div class=\"ha-text\">\n                                                                    <h2 class=\"ha-flip-box-heading-back\">Agilit\u00e9<\/h2>\n                                \n                                                                    <p class=\"ha-desc\">Pr\u00e9sence attentive et engag\u00e9e. Comme en cord\u00e9e, assurer une direction visible et fiable, tout en restant proche de ce que ressentent les \u00e9quipes.<\/p>\n                                                            <\/div>\n\n                        <\/div>\n                    <\/div>\n                <\/div>\n            <\/div>\n        <\/div>\n    \t\t\t\t<\/div>\n\t\t\t\t<\/div>\n\t\t\t\t<\/div>\n\t\t\t\t\t<\/div>\n\t\t\t\t<\/div>\n\t\t\t\t\t<\/div>\n\t\t\t\t<\/div>\n\t\t<div class=\"elementor-element elementor-element-6cad92a e-flex e-con-boxed wpr-particle-no wpr-jarallax-no wpr-parallax-no wpr-sticky-section-no wpr-equal-height-no e-con e-parent\" data-id=\"6cad92a\" data-element_type=\"container\" data-e-type=\"container\" data-settings=\"{&quot;_ha_eqh_enable&quot;:false}\">\n\t\t\t\t\t<div class=\"e-con-inner\">\n\t\t<div class=\"elementor-element elementor-element-01ddb8c e-flex e-con-boxed wpr-particle-no wpr-jarallax-no wpr-parallax-no wpr-sticky-section-no wpr-equal-height-no e-con e-child\" data-id=\"01ddb8c\" data-element_type=\"container\" data-e-type=\"container\" data-settings=\"{&quot;_ha_eqh_enable&quot;:false}\">\n\t\t\t\t\t<div class=\"e-con-inner\">\n\t\t<div class=\"elementor-element elementor-element-9c16d78 e-con-full e-flex wpr-particle-no wpr-jarallax-no wpr-parallax-no wpr-sticky-section-no wpr-equal-height-no e-con e-child\" data-id=\"9c16d78\" data-element_type=\"container\" data-e-type=\"container\" data-settings=\"{&quot;_ha_eqh_enable&quot;:false}\">\n\t\t\t\t<div class=\"elementor-element elementor-element-05061d3 elementor-widget__width-inherit elementor-widget elementor-widget-ha-flip-box happy-addon ha-flip-box\" data-id=\"05061d3\" data-element_type=\"widget\" data-e-type=\"widget\" data-widget_type=\"ha-flip-box.default\">\n\t\t\t\t<div class=\"elementor-widget-container\">\n\t\t\t\t\t\n        <div class=\"ha-flip-box-container ha-flip-effect-classic\">\n\n            <div class=\"ha-flip-box-inner ha-flip-right\">\n                <div class=\"ha-flip-box-inner-wrapper\">\n                    <div class=\"ha-flip-box-front\">\n                        <div class=\"ha-flip-box-front-inner\">\n                            <div class=\"icon-wrap\">\n                                                                    <span class=\"ha-flip-icon icon\">\n                                        <svg class=\"e-font-icon-svg e-fas-infinity\" viewBox=\"0 0 640 512\" xmlns=\"http:\/\/www.w3.org\/2000\/svg\"><path d=\"M471.1 96C405 96 353.3 137.3 320 174.6 286.7 137.3 235 96 168.9 96 75.8 96 0 167.8 0 256s75.8 160 168.9 160c66.1 0 117.8-41.3 151.1-78.6 33.3 37.3 85 78.6 151.1 78.6 93.1 0 168.9-71.8 168.9-160S564.2 96 471.1 96zM168.9 320c-40.2 0-72.9-28.7-72.9-64s32.7-64 72.9-64c38.2 0 73.4 36.1 94 64-20.4 27.6-55.9 64-94 64zm302.2 0c-38.2 0-73.4-36.1-94-64 20.4-27.6 55.9-64 94-64 40.2 0 72.9 28.7 72.9 64s-32.7 64-72.9 64z\"><\/path><\/svg>                                    <\/span>\n                                                                                            <\/div>\n\n                            <div class=\"ha-text\">\n                                                                    <h2 class=\"ha-flip-box-heading\">R\u00e9silience<\/h2>\n                                \n                                                            <\/div>\n                        <\/div>\n                    <\/div>\n\n                    <div class=\"ha-flip-box-back\">\n                        <div class=\"ha-flip-box-back-inner\">\n                            <div class=\"icon-wrap\">\n                                                                                            <\/div>\n\n                            <div class=\"ha-text\">\n                                                                    <h2 class=\"ha-flip-box-heading-back\">R\u00e9silience<\/h2>\n                                \n                                                                    <p class=\"ha-desc\">Transmettre le savoir et mettre en place des actions qui durent. P\u00e9renniser les r\u00e9sultats sans \u00e9puiser les \u00e9quipes.<\/p>\n                                                            <\/div>\n\n                        <\/div>\n                    <\/div>\n                <\/div>\n            <\/div>\n        <\/div>\n    \t\t\t\t<\/div>\n\t\t\t\t<\/div>\n\t\t\t\t<\/div>\n\t\t<div class=\"elementor-element elementor-element-7b11b3c e-con-full e-flex wpr-particle-no wpr-jarallax-no wpr-parallax-no wpr-sticky-section-no wpr-equal-height-no e-con e-child\" data-id=\"7b11b3c\" data-element_type=\"container\" data-e-type=\"container\">\n\t\t\t\t<div class=\"elementor-element elementor-element-034cd6f elementor-widget__width-inherit elementor-widget elementor-widget-ha-flip-box happy-addon ha-flip-box\" data-id=\"034cd6f\" data-element_type=\"widget\" data-e-type=\"widget\" data-widget_type=\"ha-flip-box.default\">\n\t\t\t\t<div class=\"elementor-widget-container\">\n\t\t\t\t\t\n        <div class=\"ha-flip-box-container ha-flip-effect-classic\">\n\n            <div class=\"ha-flip-box-inner ha-flip-right\">\n                <div class=\"ha-flip-box-inner-wrapper\">\n                    <div class=\"ha-flip-box-front\">\n                        <div class=\"ha-flip-box-front-inner\">\n                            <div class=\"icon-wrap\">\n                                                                    <span class=\"ha-flip-icon icon\">\n                                        <svg class=\"e-font-icon-svg e-fas-assistive-listening-systems\" viewBox=\"0 0 512 512\" xmlns=\"http:\/\/www.w3.org\/2000\/svg\"><path d=\"M216 260c0 15.464-12.536 28-28 28s-28-12.536-28-28c0-44.112 35.888-80 80-80s80 35.888 80 80c0 15.464-12.536 28-28 28s-28-12.536-28-28c0-13.234-10.767-24-24-24s-24 10.766-24 24zm24-176c-97.047 0-176 78.953-176 176 0 15.464 12.536 28 28 28s28-12.536 28-28c0-66.168 53.832-120 120-120s120 53.832 120 120c0 75.164-71.009 70.311-71.997 143.622L288 404c0 28.673-23.327 52-52 52-15.464 0-28 12.536-28 28s12.536 28 28 28c59.475 0 107.876-48.328 108-107.774.595-34.428 72-48.24 72-144.226 0-97.047-78.953-176-176-176zm-80 236c-17.673 0-32 14.327-32 32s14.327 32 32 32 32-14.327 32-32-14.327-32-32-32zM32 448c-17.673 0-32 14.327-32 32s14.327 32 32 32 32-14.327 32-32-14.327-32-32-32zm480-187.993c0-1.518-.012-3.025-.045-4.531C510.076 140.525 436.157 38.47 327.994 1.511c-14.633-4.998-30.549 2.809-35.55 17.442-5 14.633 2.81 30.549 17.442 35.55 85.906 29.354 144.61 110.513 146.077 201.953l.003.188c.026 1.118.033 2.236.033 3.363 0 15.464 12.536 28 28 28s28.001-12.536 28.001-28zM152.971 439.029l-80-80L39.03 392.97l80 80 33.941-33.941z\"><\/path><\/svg>                                    <\/span>\n                                                                                            <\/div>\n\n                            <div class=\"ha-text\">\n                                                                    <h2 class=\"ha-flip-box-heading\">\u00c9coute<\/h2>\n                                \n                                                            <\/div>\n                        <\/div>\n                    <\/div>\n\n                    <div class=\"ha-flip-box-back\">\n                        <div class=\"ha-flip-box-back-inner\">\n                            <div class=\"icon-wrap\">\n                                                                                            <\/div>\n\n                            <div class=\"ha-text\">\n                                                                    <h2 class=\"ha-flip-box-heading-back\">\u00c9coute<\/h2>\n                                \n                                                                    <p class=\"ha-desc\">La bienveillance renforce l'adh\u00e9sion. Comprendre le cap souhait\u00e9 et le traduire en actions concr\u00e8tes.<\/p>\n                                                            <\/div>\n\n                        <\/div>\n                    <\/div>\n                <\/div>\n            <\/div>\n        <\/div>\n    \t\t\t\t<\/div>\n\t\t\t\t<\/div>\n\t\t\t\t<\/div>\n\t\t\t\t\t<\/div>\n\t\t\t\t<\/div>\n\t\t\t\t\t<\/div>\n\t\t\t\t<\/div>\n\t\t\t\t<\/div>\n\t\t","protected":false},"excerpt":{"rendered":"<p>Les Valeurs Pers\u00e9v\u00e9rance Pers\u00e9v\u00e9rance La culture de l&#8217;effort et de l&#8217;objectif procure plaisir et satisfaction. Se d\u00e9passer ensemble, pour viser l&#8217;excellente. Humanit\u00e9 Humanit\u00e9 Mettre l&#8217;humain au centre dans un monde de plus en plus complexe. Ecouter pour comprendre et accompagner. Agilit\u00e9 Agilit\u00e9 Pr\u00e9sence attentive et engag\u00e9e. Comme en cord\u00e9e, assurer une direction visible et fiable, tout en restant proche de ce que ressentent les \u00e9quipes. R\u00e9silience R\u00e9silience Transmettre le savoir et mettre en place des actions qui durent. P\u00e9renniser les r\u00e9sultats sans \u00e9puiser les \u00e9quipes. \u00c9coute \u00c9coute La bienveillance renforce l&#8217;adh\u00e9sion. Comprendre le cap souhait\u00e9 et le traduire en actions concr\u00e8tes.<\/p>\n","protected":false},"author":1,"featured_media":0,"parent":0,"menu_order":0,"comment_status":"closed","ping_status":"closed","template":"page-templates\/template-pagebuilder-full-width.php","meta":{"_monsterinsights_skip_tracking":false,"_monsterinsights_sitenote_active":false,"_monsterinsights_sitenote_note":"","_monsterinsights_sitenote_category":0,"neve_meta_sidebar":"","neve_meta_container":"","neve_meta_enable_content_width":"","neve_meta_content_width":0,"neve_meta_title_alignment":"","neve_meta_author_avatar":"","neve_post_elements_order":"","neve_meta_disable_header":"","neve_meta_disable_footer":"","neve_meta_disable_title":"","footnotes":""},"class_list":["post-801","page","type-page","status-publish","hentry"],"_links":{"self":[{"href":"https:\/\/managilis.bzh\/index.php?rest_route=\/wp\/v2\/pages\/801","targetHints":{"allow":["GET"]}}],"collection":[{"href":"https:\/\/managilis.bzh\/index.php?rest_route=\/wp\/v2\/pages"}],"about":[{"href":"https:\/\/managilis.bzh\/index.php?rest_route=\/wp\/v2\/types\/page"}],"author":[{"embeddable":true,"href":"https:\/\/managilis.bzh\/index.php?rest_route=\/wp\/v2\/users\/1"}],"replies":[{"embeddable":true,"href":"https:\/\/managilis.bzh\/index.php?rest_route=%2Fwp%2Fv2%2Fcomments&post=801"}],"version-history":[{"count":110,"href":"https:\/\/managilis.bzh\/index.php?rest_route=\/wp\/v2\/pages\/801\/revisions"}],"predecessor-version":[{"id":2415,"href":"https:\/\/managilis.bzh\/index.php?rest_route=\/wp\/v2\/pages\/801\/revisions\/2415"}],"wp:attachment":[{"href":"https:\/\/managilis.bzh\/index.php?rest_route=%2Fwp%2Fv2%2Fmedia&parent=801"}],"curies":[{"name":"wp","href":"https:\/\/api.w.org\/{rel}","templated":true}]}}